{"id":287,"date":"2023-03-01T21:38:27","date_gmt":"2023-03-01T21:38:27","guid":{"rendered":"https:\/\/la-grande-borne.fr\/?page_id=287"},"modified":"2023-03-01T22:14:27","modified_gmt":"2023-03-01T22:14:27","slug":"livre-dor","status":"publish","type":"page","link":"https:\/\/la-grande-borne.fr\/?page_id=287","title":{"rendered":"Livre d&#8217;or"},"content":{"rendered":"\n<p><font _mstmutation=\"1\"><\/font><\/p>\n\n\n\n<p><strong><u>09 septembre 2021<\/u><\/strong><\/p>\n\n\n\n<p><strong>S\u0153ur Marie-Th\u00e9r\u00e8se BERHAULT<\/strong> <\/p>\n\n\n\n<p>Archiviste chez les s\u0153urs de la Providence de Ruill\u00e9<\/p>\n\n\n\n<figure class=\"wp-block-image size-large\"><img loading=\"lazy\" decoding=\"async\" width=\"728\" height=\"1024\" src=\"https:\/\/la-grande-borne.fr\/wp-content\/uploads\/2023\/03\/Dedicace-728x1024.jpg\" alt=\"\" class=\"wp-image-291\" srcset=\"https:\/\/la-grande-borne.fr\/wp-content\/uploads\/2023\/03\/Dedicace-728x1024.jpg 728w, https:\/\/la-grande-borne.fr\/wp-content\/uploads\/2023\/03\/Dedicace-213x300.jpg 213w, https:\/\/la-grande-borne.fr\/wp-content\/uploads\/2023\/03\/Dedicace-768x1080.jpg 768w, https:\/\/la-grande-borne.fr\/wp-content\/uploads\/2023\/03\/Dedicace-1092x1536.jpg 1092w, https:\/\/la-grande-borne.fr\/wp-content\/uploads\/2023\/03\/Dedicace-1456x2048.jpg 1456w, https:\/\/la-grande-borne.fr\/wp-content\/uploads\/2023\/03\/Dedicace-scaled.jpg 1820w\" sizes=\"auto, (max-width: 728px) 100vw, 728px\" \/><figcaption class=\"wp-element-caption\"><br><font _mstmutation=\"1\"><\/figcaption><\/figure>\n\n\n\n<p><font _mstmutation=\"1\"><\/p>\n\n\n\n<p><strong><u>07 f\u00e9vrier 2023<\/u><\/strong><\/p>\n\n\n\n<p><strong>S\u0153ur Josette BIJLOOS<\/strong><\/p>\n\n\n\n<p>Sup\u00e9rieure G\u00e9n\u00e9rale des s\u0153urs de la Providence de Ruill\u00e9 sur Loir<\/p>\n\n\n\n<figure class=\"wp-block-image size-large wp-duotone-333-rgb243225225-1\"><img loading=\"lazy\" decoding=\"async\" width=\"1024\" height=\"524\" src=\"https:\/\/la-grande-borne.fr\/wp-content\/uploads\/2023\/03\/Superieure-generale-V1-1024x524.jpg\" alt=\"\" class=\"wp-image-293\" srcset=\"https:\/\/la-grande-borne.fr\/wp-content\/uploads\/2023\/03\/Superieure-generale-V1-1024x524.jpg 1024w, https:\/\/la-grande-borne.fr\/wp-content\/uploads\/2023\/03\/Superieure-generale-V1-300x154.jpg 300w, https:\/\/la-grande-borne.fr\/wp-content\/uploads\/2023\/03\/Superieure-generale-V1-768x393.jpg 768w, https:\/\/la-grande-borne.fr\/wp-content\/uploads\/2023\/03\/Superieure-generale-V1-1536x787.jpg 1536w, https:\/\/la-grande-borne.fr\/wp-content\/uploads\/2023\/03\/Superieure-generale-V1.jpg 1701w\" sizes=\"auto, (max-width: 1024px) 100vw, 1024px\" \/><figcaption class=\"wp-element-caption\"><font _mstmutation=\"1\"><\/figcaption><\/figure>\n","protected":false},"excerpt":{"rendered":"<p>09 septembre 2021 S\u0153ur Marie-Th\u00e9r\u00e8se BERHAULT Archiviste chez les s\u0153urs de la Providence de Ruill\u00e9 07 f\u00e9vrier 2023 S\u0153ur Josette BIJLOOS Sup\u00e9rieure G\u00e9n\u00e9rale des s\u0153urs de la Providence de Ruill\u00e9 sur Loir<\/p>\n","protected":false},"author":1,"featured_media":0,"parent":0,"menu_order":0,"comment_status":"closed","ping_status":"closed","template":"","meta":{"footnotes":""},"class_list":["post-287","page","type-page","status-publish","hentry"],"_links":{"self":[{"href":"https:\/\/la-grande-borne.fr\/index.php?rest_route=\/wp\/v2\/pages\/287","targetHints":{"allow":["GET"]}}],"collection":[{"href":"https:\/\/la-grande-borne.fr\/index.php?rest_route=\/wp\/v2\/pages"}],"about":[{"href":"https:\/\/la-grande-borne.fr\/index.php?rest_route=\/wp\/v2\/types\/page"}],"author":[{"embeddable":true,"href":"https:\/\/la-grande-borne.fr\/index.php?rest_route=\/wp\/v2\/users\/1"}],"replies":[{"embeddable":true,"href":"https:\/\/la-grande-borne.fr\/index.php?rest_route=%2Fwp%2Fv2%2Fcomments&post=287"}],"version-history":[{"count":4,"href":"https:\/\/la-grande-borne.fr\/index.php?rest_route=\/wp\/v2\/pages\/287\/revisions"}],"predecessor-version":[{"id":296,"href":"https:\/\/la-grande-borne.fr\/index.php?rest_route=\/wp\/v2\/pages\/287\/revisions\/296"}],"wp:attachment":[{"href":"https:\/\/la-grande-borne.fr\/index.php?rest_route=%2Fwp%2Fv2%2Fmedia&parent=287"}],"curies":[{"name":"wp","href":"https:\/\/api.w.org\/{rel}","templated":true}]}}