{"id":221,"date":"2023-02-06T14:57:55","date_gmt":"2023-02-06T14:57:55","guid":{"rendered":"https:\/\/la-grande-borne.fr\/?page_id=221"},"modified":"2023-05-01T19:05:30","modified_gmt":"2023-05-01T19:05:30","slug":"bienfaiteurs","status":"publish","type":"page","link":"https:\/\/la-grande-borne.fr\/?page_id=221","title":{"rendered":"Bienfaiteurs"},"content":{"rendered":"\n<p><strong><u>28 avril 2023<\/u><\/strong><\/p>\n\n\n\n<p>La Ville-aux-Clercs, via le deuxi\u00e8me adjoint, Benoit MINIER, et le maire, Bruno DUPR\u00c9, qui ont fait don de l\u2019ancien corbillard \u00e0 cheval qui encombrait depuis plus de dix ans le d\u00e9p\u00f4t technique de la ville, ce corbillard a \u00e9t\u00e9 entrepos\u00e9 pendant plus de cinquante ans \u00e0 la Grande Borne, il retrouve donc avec logique son histoire dans ce retour,  de plus, il sera visible lors des portes ouvertes, ce qui n\u2019\u00e9tait plus le cas dans sa remise dans le local technique.<\/p>\n\n\n\n<figure class=\"wp-block-image size-full is-resized\"><img loading=\"lazy\" decoding=\"async\" src=\"https:\/\/la-grande-borne.fr\/wp-content\/uploads\/2023\/05\/image.png\" alt=\"\" class=\"wp-image-388\" width=\"671\" height=\"284\" srcset=\"https:\/\/la-grande-borne.fr\/wp-content\/uploads\/2023\/05\/image.png 591w, https:\/\/la-grande-borne.fr\/wp-content\/uploads\/2023\/05\/image-300x127.png 300w\" sizes=\"auto, (max-width: 671px) 100vw, 671px\" \/><\/figure>\n\n\n\n<p><font _mstmutation=\"1\"><\/font><\/p>\n\n\n\n<p><strong><u>11 mars 2023<\/u><\/strong> <\/p>\n\n\n\n<p>Marie-Th\u00e9r\u00e8se FLEURY, des Diori\u00e8res \u00e0 Chauvigny-du-Perche, qui a accept\u00e9, au prix du bois de chauffage, que des ch\u00eanes des bois de la propri\u00e9t\u00e9 soient pr\u00e9lev\u00e9s pour faire du charpentage et de la menuiserie, ceci dans l\u2019objectif expliqu\u00e9 de la r\u00e9fection des cottages de la Grande Borne.<font _mstmutation=\"1\"><\/font><\/p>\n\n\n\n<figure class=\"wp-block-image size-full\"><img loading=\"lazy\" decoding=\"async\" width=\"984\" height=\"601\" src=\"https:\/\/la-grande-borne.fr\/wp-content\/uploads\/2023\/03\/image-4.png\" alt=\"\" class=\"wp-image-328\" srcset=\"https:\/\/la-grande-borne.fr\/wp-content\/uploads\/2023\/03\/image-4.png 984w, https:\/\/la-grande-borne.fr\/wp-content\/uploads\/2023\/03\/image-4-300x183.png 300w, https:\/\/la-grande-borne.fr\/wp-content\/uploads\/2023\/03\/image-4-768x469.png 768w\" sizes=\"auto, (max-width: 984px) 100vw, 984px\" \/><figcaption class=\"wp-element-caption\"><a href=\"https:\/\/www.lanouvellerepublique.fr\/loir-et-cher\/commune\/chauvigny-du-perche\/le-merite-agricole-a-marie-therese-fleury\">Le M\u00e9rite agricole \u00e0 Marie-Th\u00e9r\u00e8se Fleury (lanouvellerepublique.fr)<\/a><font _mstmutation=\"1\"><\/figcaption><\/figure>\n\n\n\n<figure class=\"wp-block-image size-full\"><img loading=\"lazy\" decoding=\"async\" width=\"983\" height=\"621\" src=\"https:\/\/la-grande-borne.fr\/wp-content\/uploads\/2023\/03\/image-5.png\" alt=\"\" class=\"wp-image-330\" srcset=\"https:\/\/la-grande-borne.fr\/wp-content\/uploads\/2023\/03\/image-5.png 983w, https:\/\/la-grande-borne.fr\/wp-content\/uploads\/2023\/03\/image-5-300x190.png 300w, https:\/\/la-grande-borne.fr\/wp-content\/uploads\/2023\/03\/image-5-768x485.png 768w\" sizes=\"auto, (max-width: 983px) 100vw, 983px\" \/><figcaption class=\"wp-element-caption\"><font _mstmutation=\"1\"><a href=\"https:\/\/www.lanouvellerepublique.fr\/loir-et-cher\/la-foret-privee-a-besoin-d-une-nouvelle-jeunesse\">La for\u00eat priv\u00e9e a besoin d\u2019une nouvelle jeunesse (lanouvellerepublique.fr)<\/a><\/figcaption><\/figure>\n\n\n\n<p><strong><u>09 septembre 2021<\/u><\/strong><\/p>\n\n\n\n<p><strong>S\u0152URS DE LA PROVIDENCE DE RUILL<\/strong><strong>\u00c9<\/strong><strong><\/strong><\/p>\n\n\n\n<p>La s\u0153ur sup\u00e9rieure g\u00e9n\u00e9rale, Josette BIJLOOS, ayant r\u00e9pondu favorablement \u00e0 ma demande de consultation de leurs archives, s\u0153ur Marie-Th\u00e9r\u00e8se BERHAULT, archiviste, m\u2019a pr\u00e9sent\u00e9 l\u2019ensemble de leurs documents sur l\u2019asile de la Grande Borne, ce faisant, j\u2019ai \u00e9t\u00e9 autoris\u00e9 \u00e0 les photographier, ce qui a permis leur num\u00e9risation pour que ces archives soient \u00e0 jamais conserv\u00e9es, en retour, la copie compl\u00e8te de cette num\u00e9risation leur a \u00e9t\u00e9 offerte.<\/p>\n\n\n\n<p>A double-titre, les s\u0153urs de la Providence de Ruill\u00e9 sont des bienfaitrices, premi\u00e8rement par leur d\u00e9vouement pendant un si\u00e8cle aupr\u00e8s des prot\u00e9g\u00e9s de l\u2019asile, puis, deuxi\u00e8mement, pour avoir donn\u00e9 de leur temps si pr\u00e9cieux \u00e0 ce que se pr\u00e9serve la m\u00e9moire de la Grande Borne.<\/p>\n\n\n\n<p><font _mstmutation=\"1\"><\/font><\/p>\n\n\n\n<figure class=\"wp-block-image size-large\"><img loading=\"lazy\" decoding=\"async\" width=\"1024\" height=\"772\" src=\"https:\/\/la-grande-borne.fr\/wp-content\/uploads\/2023\/02\/image-1024x772.png\" alt=\"\" class=\"wp-image-226\" srcset=\"https:\/\/la-grande-borne.fr\/wp-content\/uploads\/2023\/02\/image-1024x772.png 1024w, https:\/\/la-grande-borne.fr\/wp-content\/uploads\/2023\/02\/image-300x226.png 300w, https:\/\/la-grande-borne.fr\/wp-content\/uploads\/2023\/02\/image-768x579.png 768w, https:\/\/la-grande-borne.fr\/wp-content\/uploads\/2023\/02\/image.png 1123w\" sizes=\"auto, (max-width: 1024px) 100vw, 1024px\" \/><figcaption class=\"wp-element-caption\"><font _mstmutation=\"1\" _msttexthash=\"351676\" _msthash=\"599\">S\u0153ur Josette BIJLOOS <\/font><font _mstmutation=\"1\" _msttexthash=\"8827\" _msthash=\"599\">a<\/font><font _mstmutation=\"1\" _msttexthash=\"10647\" _msthash=\"599\">u<\/font><font _mstmutation=\"1\" _msttexthash=\"9009\" _msthash=\"599\"> <\/font><font _mstmutation=\"1\" _msttexthash=\"9009\" _msthash=\"599\">c<\/font><font _mstmutation=\"1\" _msttexthash=\"9191\" _msthash=\"599\">e<\/font><font _mstmutation=\"1\" _msttexthash=\"10010\" _msthash=\"599\">n<\/font><font _mstmutation=\"1\" _msttexthash=\"10556\" _msthash=\"599\">t<\/font><font _mstmutation=\"1\" _msttexthash=\"20878\" _msthash=\"599\">r<\/font><font _mstmutation=\"1\" _msttexthash=\"351676\" _msthash=\"599\">e<\/font><font _mstmutation=\"1\" _msttexthash=\"4186\" _msthash=\"599\">.<\/font><font _mstmutation=\"1\" _mstvisible=\"2\"><\/figcaption><\/figure>\n\n\n\n<figure class=\"wp-block-image size-large\"><img loading=\"lazy\" decoding=\"async\" width=\"1024\" height=\"768\" src=\"https:\/\/la-grande-borne.fr\/wp-content\/uploads\/2023\/02\/DSC00564-1024x768.jpg\" alt=\"\" class=\"wp-image-227\" srcset=\"https:\/\/la-grande-borne.fr\/wp-content\/uploads\/2023\/02\/DSC00564-1024x768.jpg 1024w, https:\/\/la-grande-borne.fr\/wp-content\/uploads\/2023\/02\/DSC00564-300x225.jpg 300w, https:\/\/la-grande-borne.fr\/wp-content\/uploads\/2023\/02\/DSC00564-768x576.jpg 768w, https:\/\/la-grande-borne.fr\/wp-content\/uploads\/2023\/02\/DSC00564-1536x1152.jpg 1536w, https:\/\/la-grande-borne.fr\/wp-content\/uploads\/2023\/02\/DSC00564-2048x1536.jpg 2048w\" sizes=\"auto, (max-width: 1024px) 100vw, 1024px\" \/><figcaption class=\"wp-element-caption\"><font _mstmutation=\"1\">S\u0153ur Marie-Th\u00e9r\u00e8se BERHAULT dans la salle d\u2019archives.<\/font><\/figcaption><\/figure>\n\n\n\n<p><font _mstmutation=\"1\"><a href=\"https:\/\/www.providenceruillesurloir.com\/\">Providence &#8211; Ruill\u00e9 sur Loir &#8211; Voorzienigheid (providenceruillesurloir.com)<\/a><\/p>\n","protected":false},"excerpt":{"rendered":"<p>28 avril 2023 La Ville-aux-Clercs, via le deuxi\u00e8me adjoint, Benoit MINIER, et le maire, Bruno DUPR\u00c9, qui ont fait don de l\u2019ancien corbillard \u00e0 cheval qui encombrait depuis plus de dix ans le d\u00e9p\u00f4t technique de la ville, ce corbillard &hellip; <a href=\"https:\/\/la-grande-borne.fr\/?page_id=221\">Continue reading <span class=\"meta-nav\">&rarr;<\/span><\/a><\/p>\n","protected":false},"author":1,"featured_media":0,"parent":0,"menu_order":0,"comment_status":"closed","ping_status":"closed","template":"","meta":{"footnotes":""},"class_list":["post-221","page","type-page","status-publish","hentry"],"_links":{"self":[{"href":"https:\/\/la-grande-borne.fr\/index.php?rest_route=\/wp\/v2\/pages\/221","targetHints":{"allow":["GET"]}}],"collection":[{"href":"https:\/\/la-grande-borne.fr\/index.php?rest_route=\/wp\/v2\/pages"}],"about":[{"href":"https:\/\/la-grande-borne.fr\/index.php?rest_route=\/wp\/v2\/types\/page"}],"author":[{"embeddable":true,"href":"https:\/\/la-grande-borne.fr\/index.php?rest_route=\/wp\/v2\/users\/1"}],"replies":[{"embeddable":true,"href":"https:\/\/la-grande-borne.fr\/index.php?rest_route=%2Fwp%2Fv2%2Fcomments&post=221"}],"version-history":[{"count":6,"href":"https:\/\/la-grande-borne.fr\/index.php?rest_route=\/wp\/v2\/pages\/221\/revisions"}],"predecessor-version":[{"id":389,"href":"https:\/\/la-grande-borne.fr\/index.php?rest_route=\/wp\/v2\/pages\/221\/revisions\/389"}],"wp:attachment":[{"href":"https:\/\/la-grande-borne.fr\/index.php?rest_route=%2Fwp%2Fv2%2Fmedia&parent=221"}],"curies":[{"name":"wp","href":"https:\/\/api.w.org\/{rel}","templated":true}]}}